{"id":25,"date":"2012-10-28T20:30:14","date_gmt":"2012-10-28T20:30:14","guid":{"rendered":"http:\/\/xn--vodi-jua.com\/martin\/?page_id=25"},"modified":"2012-10-31T15:52:17","modified_gmt":"2012-10-31T15:52:17","slug":"o-meni","status":"publish","type":"page","link":"https:\/\/xn--vodi-jua.com\/martin\/o-meni\/","title":{"rendered":"O meni"},"content":{"rendered":"<p>Pozdravljeni na mojem popotni\u0161kem blogu!<\/p>\n<p>Moje ime je Martin Helbing in sem ustanovitelj strani <a title=\"vodi\u010d.com\" href=\"https:\/\/vodi\u010d.com\">Vodi\u010d.com<\/a>.<\/p>\n<p>Zraven potovanj me zanima podjetni\u0161tvo, fotografiranje in vse kaj je povezano s spletom.<\/p>\n<p>Na blogu bom pisal neko obliko dnevnika iz mojih potovanj. Zapisi bodo nemoderirani in z veliko slovni\u010dnimi napakami. \ud83d\ude42 \u00a0Verjetno bodo tudi brez \u0161umnikov, saj jih v tujini ni na tipkovnici. Dolo\u010dene podrobnosti o potovanju bom dodal tudi po prihodu domov, v glavnem pa bodo informacije o dr\u017eavi vpisane na strani Vodi\u010d.com pod kategorijo <a title=\"potovanja\" href=\"https:\/\/xn--vodi-jua.com\/potovanja\/\">Potovanja<\/a>.<\/p>\n<p>O drugih temah ob\u010dasno pi\u0161em na mojem osebnem blogu <a title=\"Martin\" href=\"https:\/\/martinhelbing.com\">MartinHelbing.com<\/a><\/p>\n<p>&nbsp;<\/p>\n","protected":false},"excerpt":{"rendered":"<p>Pozdravljeni na mojem popotni\u0161kem blogu! Moje ime je Martin Helbing in sem ustanovitelj strani Vodi\u010d.com. Zraven potovanj me zanima podjetni\u0161tvo, fotografiranje in vse kaj je povezano s spletom. Na blogu bom pisal neko obliko dnevnika iz mojih potovanj. Zapisi bodo nemoderirani in z veliko slovni\u010dnimi napakami. \ud83d\ude42 \u00a0Verjetno bodo tudi brez \u0161umnikov, saj jih v [&hellip;]<\/p>\n","protected":false},"author":3,"featured_media":26,"parent":0,"menu_order":0,"comment_status":"open","ping_status":"open","template":"","meta":{"_exactmetrics_skip_tracking":false,"_exactmetrics_sitenote_active":false,"_exactmetrics_sitenote_note":"","_exactmetrics_sitenote_category":0,"footnotes":""},"class_list":["post-25","page","type-page","status-publish","has-post-thumbnail"],"_links":{"self":[{"href":"https:\/\/xn--vodi-jua.com\/martin\/wp-json\/wp\/v2\/pages\/25","targetHints":{"allow":["GET"]}}],"collection":[{"href":"https:\/\/xn--vodi-jua.com\/martin\/wp-json\/wp\/v2\/pages"}],"about":[{"href":"https:\/\/xn--vodi-jua.com\/martin\/wp-json\/wp\/v2\/types\/page"}],"author":[{"embeddable":true,"href":"https:\/\/xn--vodi-jua.com\/martin\/wp-json\/wp\/v2\/users\/3"}],"replies":[{"embeddable":true,"href":"https:\/\/xn--vodi-jua.com\/martin\/wp-json\/wp\/v2\/comments?post=25"}],"version-history":[{"count":9,"href":"https:\/\/xn--vodi-jua.com\/martin\/wp-json\/wp\/v2\/pages\/25\/revisions"}],"predecessor-version":[{"id":34,"href":"https:\/\/xn--vodi-jua.com\/martin\/wp-json\/wp\/v2\/pages\/25\/revisions\/34"}],"wp:featuredmedia":[{"embeddable":true,"href":"https:\/\/xn--vodi-jua.com\/martin\/wp-json\/wp\/v2\/media\/26"}],"wp:attachment":[{"href":"https:\/\/xn--vodi-jua.com\/martin\/wp-json\/wp\/v2\/media?parent=25"}],"curies":[{"name":"wp","href":"https:\/\/api.w.org\/{rel}","templated":true}]}}