{"id":126,"date":"2013-01-06T18:44:04","date_gmt":"2013-01-06T18:44:04","guid":{"rendered":"http:\/\/xn--vodi-jua.com\/martin\/?page_id=126"},"modified":"2013-03-28T23:28:01","modified_gmt":"2013-03-28T23:28:01","slug":"vietnam-laos-in-kambodza","status":"publish","type":"page","link":"https:\/\/xn--vodi-jua.com\/martin\/vietnam-laos-in-kambodza\/","title":{"rendered":"Vietnam, Laos, Kambod\u017ea"},"content":{"rendered":"<p>Tukaj najdete zapise iz potovanja po Vietnamu, Laosu in Kambod\u017ei po kronolo\u0161kem vrstnem redu.<\/p>\n<ol>\n<li><a title=\"Dunaj \u2013 Doha \u2013 Hanoi\" href=\"https:\/\/xn--vodi-jua.com\/martin\/vietnam-laos-kambodza\/dunaj-doha-hanoi\/\">Dunaj \u2013 Doha \u2013 Hanoi<\/a><\/li>\n<li><a title=\"Dva dni Hanoija\" href=\"https:\/\/xn--vodi-jua.com\/martin\/vietnam-laos-kambodza\/dva-dni-hanoija\/\">Dva dni Hanoija<\/a><\/li>\n<li><a title=\"Cat Ba otok \u2013 Halong Bay\" href=\"https:\/\/xn--vodi-jua.com\/martin\/vietnam-laos-kambodza\/cat-ba-otok-halong-bay\/\">Cat Ba otok \u2013 Halong Bay<\/a><\/li>\n<li><a title=\"Vecerja presenecenja v Hanoiju\" href=\"https:\/\/xn--vodi-jua.com\/martin\/vietnam-laos-kambodza\/vecerja-presenecenja-v-hanoiju\/\">Vecerja presenecenja v Hanoiju<\/a><\/li>\n<li><a title=\"Sapa \u2013 veliko razocaranje\" href=\"https:\/\/xn--vodi-jua.com\/martin\/vietnam-laos-kambodza\/sapa-veliko-razocaranje\/\">Sapa \u2013 veliko razocaranje<\/a><\/li>\n<li><a title=\"Dan hrane v Hanoiju\" href=\"https:\/\/xn--vodi-jua.com\/martin\/vietnam-laos-kambodza\/dan-hrane-v-hanoiju\/\">Dan hrane v Hanoiju<\/a><\/li>\n<li><a title=\"Hoi An\" href=\"https:\/\/xn--vodi-jua.com\/martin\/vietnam-laos-kambodza\/hoi-an\/\">Hoi An<\/a><\/li>\n<li><a title=\"Hue\" href=\"https:\/\/xn--vodi-jua.com\/martin\/vietnam-laos-kambodza\/hue\/\">Hu\u00e8<\/a><\/li>\n<li><a title=\"Pot do Laosa\" href=\"https:\/\/xn--vodi-jua.com\/martin\/vietnam-laos-kambodza\/pot-do-laosa\/\">Pot do Laosa<\/a><\/li>\n<li><a title=\"Si Pan Don \u2013 Laos\" href=\"https:\/\/xn--vodi-jua.com\/martin\/vietnam-laos-kambodza\/si-pan-don-laos\/\">Si Pan Don \u2013 Laos<\/a><\/li>\n<li><a title=\"Pot v Kambod\u017eo\" href=\"https:\/\/xn--vodi-jua.com\/martin\/vietnam-laos-kambodza\/pot-v-kambodzo\/\">Pot v Kambod\u017eo<\/a><\/li>\n<li><a title=\"Siem Reap\" href=\"https:\/\/xn--vodi-jua.com\/martin\/vietnam-laos-kambodza\/siem-reap\/\">Siem Reap<\/a><\/li>\n<li><a title=\"Angkor Wat\" href=\"https:\/\/xn--vodi-jua.com\/martin\/vietnam-laos-kambodza\/angkor-wat\/\">Angkor Wat<\/a><\/li>\n<li><a title=\"Phnom Penh\" href=\"https:\/\/xn--vodi-jua.com\/martin\/vietnam-laos-kambodza\/phnom-penh\/\">Phnom Penh<\/a><\/li>\n<li><a title=\"Sihanoukville \u2013 Party time\" href=\"https:\/\/xn--vodi-jua.com\/martin\/vietnam-laos-kambodza\/sihanoukville-party-time\/\">Sihanoukville \u2013 Party time<\/a><\/li>\n<li><a title=\"Iz Kampota v Can Tho\" href=\"https:\/\/xn--vodi-jua.com\/martin\/vietnam-laos-kambodza\/iz-kampota-v-can-tho\/\">Iz Kampota v Can Tho<\/a><\/li>\n<li><a title=\"Ho Chi Minh City\" href=\"https:\/\/xn--vodi-jua.com\/martin\/vietnam-laos-kambodza\/ho-chi-minh-city\/\">Ho Chi Minh City<\/a><\/li>\n<\/ol>\n<p>Za ve\u010d informacij obi\u0161\u010dite strani:<\/p>\n<ul>\n<li><a href=\"https:\/\/xn--vodi-jua.com\/potovanja\/potovanje-po-vietnamu\/\">potovanje po Vietnamu<\/a><\/li>\n<\/ul>\n","protected":false},"excerpt":{"rendered":"<p>Tukaj najdete zapise iz potovanja po Vietnamu, Laosu in Kambod\u017ei po kronolo\u0161kem vrstnem redu. Dunaj \u2013 Doha \u2013 Hanoi Dva dni Hanoija Cat Ba otok \u2013 Halong Bay Vecerja presenecenja v Hanoiju Sapa \u2013 veliko razocaranje Dan hrane v Hanoiju Hoi An Hu\u00e8 Pot do Laosa Si Pan Don \u2013 Laos Pot v Kambod\u017eo Siem [&hellip;]<\/p>\n","protected":false},"author":3,"featured_media":127,"parent":0,"menu_order":0,"comment_status":"open","ping_status":"closed","template":"","meta":{"_exactmetrics_skip_tracking":false,"_exactmetrics_sitenote_active":false,"_exactmetrics_sitenote_note":"","_exactmetrics_sitenote_category":0,"footnotes":""},"class_list":["post-126","page","type-page","status-publish","has-post-thumbnail"],"_links":{"self":[{"href":"https:\/\/xn--vodi-jua.com\/martin\/wp-json\/wp\/v2\/pages\/126","targetHints":{"allow":["GET"]}}],"collection":[{"href":"https:\/\/xn--vodi-jua.com\/martin\/wp-json\/wp\/v2\/pages"}],"about":[{"href":"https:\/\/xn--vodi-jua.com\/martin\/wp-json\/wp\/v2\/types\/page"}],"author":[{"embeddable":true,"href":"https:\/\/xn--vodi-jua.com\/martin\/wp-json\/wp\/v2\/users\/3"}],"replies":[{"embeddable":true,"href":"https:\/\/xn--vodi-jua.com\/martin\/wp-json\/wp\/v2\/comments?post=126"}],"version-history":[{"count":4,"href":"https:\/\/xn--vodi-jua.com\/martin\/wp-json\/wp\/v2\/pages\/126\/revisions"}],"predecessor-version":[{"id":157,"href":"https:\/\/xn--vodi-jua.com\/martin\/wp-json\/wp\/v2\/pages\/126\/revisions\/157"}],"wp:featuredmedia":[{"embeddable":true,"href":"https:\/\/xn--vodi-jua.com\/martin\/wp-json\/wp\/v2\/media\/127"}],"wp:attachment":[{"href":"https:\/\/xn--vodi-jua.com\/martin\/wp-json\/wp\/v2\/media?parent=126"}],"curies":[{"name":"wp","href":"https:\/\/api.w.org\/{rel}","templated":true}]}}